{"id":2686,"date":"2015-03-31T16:36:53","date_gmt":"2015-03-31T16:36:53","guid":{"rendered":"http:\/\/178.62.76.205\/CEIS\/?page_id=2686"},"modified":"2015-06-11T13:36:29","modified_gmt":"2015-06-11T11:36:29","slug":"quienes-somos","status":"publish","type":"page","link":"https:\/\/www.ceismurcia.org\/?page_id=2686","title":{"rendered":"\u00bfQui\u00e9nes somos?"},"content":{"rendered":"<p><img decoding=\"async\" class=\" aligncenter\" style=\"margin-top: 10px;\" src=\"wp-content\/uploads\/2015\/03\/bomberos.jpg\" alt=\"CEIS\" \/><\/p>\n<p><a href=\"http:\/\/178.62.76.205\/CEIS\/wp-content\/uploads\/2015\/03\/FUEGO.png\"><br \/>\n<\/a><br \/>\nEl <strong>Consorcio de Extinci\u00f3n de Incendios y Salvamento de la Comunidad Aut\u00f3noma de Murcia (CEIS) <\/strong>es una entidad p\u00fablica creada en 1992, adscrita a la Administraci\u00f3n Local, participada por la Comunidad Aut\u00f3noma de Murcia y\u00a043 ayuntamientos de la Regi\u00f3n (todos, a excepci\u00f3n de Murcia y Cartagena), siendo gestionado el servicio en las competencias que a cada uno de los Entes corresponde por el ente administrativo creado en 1992, Consorcio de Extinci\u00f3n de Incendios y Salvamento de la Comunidad Aut\u00f3noma de la Regi\u00f3n de Murcia.<\/p>\n<p>La actuaci\u00f3n del servicio de prevenci\u00f3n, extinci\u00f3n de incendios y salvamento del Consorcio se ajustar\u00e1 al principio de respeto a los derechos fundamentales de los ciudadanos y a las libertades p\u00fablicas en los t\u00e9rminos de la Constituci\u00f3n y de las leyes que la desarrollan.<\/p>\n<p>Las intervenciones del CEIS se entender\u00e1n justificadas, en actuaciones de prevenci\u00f3n y, en todo caso, cuando existieren situaciones de siniestro o calamidad colectiva susceptibles de ocasionar riesgo inminente para la integridad o tranquilidad de las personas, o da\u00f1os graves a los bienes de dominio p\u00fablico o privado y aunque, con motivo u ocasi\u00f3n de tales intervenciones se consideren lesionados derechos individuales o hubiere de producir perjuicios patrimoniales, sin mengua de las responsabilidades a que en cada caso hubiera lugar.<\/p>\n<p>Los servicios que presta el CEIS deben entenderse como el conjunto de medios organizados para la actuaci\u00f3n en el campo de la protecci\u00f3n de las personas y de los bienes afectados por un siniestro, y tiene por objeto procurar el salvamento de las personas y bienes en caso de incendio, inundaciones, hundimiento y, en general, en todos los siniestros que se produzcan.<\/p>\n","protected":false},"excerpt":{"rendered":"<p>El Consorcio de Extinci\u00f3n de Incendios y Salvamento de la Comunidad Aut\u00f3noma de Murcia (CEIS) es una entidad p\u00fablica creada en 1992, adscrita a la Administraci\u00f3n Local, participada por la Comunidad Aut\u00f3noma de Murcia y\u00a043 ayuntamientos de la Regi\u00f3n (todos, a excepci\u00f3n de Murcia y Cartagena), siendo gestionado el servicio en las competencias que a<\/p>\n","protected":false},"author":1,"featured_media":0,"parent":2676,"menu_order":0,"comment_status":"open","ping_status":"closed","template":"","meta":{"footnotes":""},"class_list":["post-2686","page","type-page","status-publish","hentry"],"_links":{"self":[{"href":"https:\/\/www.ceismurcia.org\/index.php?rest_route=\/wp\/v2\/pages\/2686","targetHints":{"allow":["GET"]}}],"collection":[{"href":"https:\/\/www.ceismurcia.org\/index.php?rest_route=\/wp\/v2\/pages"}],"about":[{"href":"https:\/\/www.ceismurcia.org\/index.php?rest_route=\/wp\/v2\/types\/page"}],"author":[{"embeddable":true,"href":"https:\/\/www.ceismurcia.org\/index.php?rest_route=\/wp\/v2\/users\/1"}],"replies":[{"embeddable":true,"href":"https:\/\/www.ceismurcia.org\/index.php?rest_route=%2Fwp%2Fv2%2Fcomments&post=2686"}],"version-history":[{"count":11,"href":"https:\/\/www.ceismurcia.org\/index.php?rest_route=\/wp\/v2\/pages\/2686\/revisions"}],"predecessor-version":[{"id":6451,"href":"https:\/\/www.ceismurcia.org\/index.php?rest_route=\/wp\/v2\/pages\/2686\/revisions\/6451"}],"up":[{"embeddable":true,"href":"https:\/\/www.ceismurcia.org\/index.php?rest_route=\/wp\/v2\/pages\/2676"}],"wp:attachment":[{"href":"https:\/\/www.ceismurcia.org\/index.php?rest_route=%2Fwp%2Fv2%2Fmedia&parent=2686"}],"curies":[{"name":"wp","href":"https:\/\/api.w.org\/{rel}","templated":true}]}}