{"id":4454,"date":"2015-03-31T22:03:56","date_gmt":"2015-03-31T22:03:56","guid":{"rendered":"http:\/\/178.62.76.205\/CEIS\/?page_id=4454"},"modified":"2015-04-23T21:12:22","modified_gmt":"2015-04-23T21:12:22","slug":"autoproteccion-antes-tormentas","status":"publish","type":"page","link":"https:\/\/www.ceismurcia.org\/?page_id=4454","title":{"rendered":"Autoprotecci\u00f3n antes tormentas"},"content":{"rendered":"<p><a href=\"http:\/\/178.62.76.205\/CEIS\/wp-content\/uploads\/2015\/03\/fuertes-tormentas-1.jpg\" class=\"hoverBorder alignnone\"><img loading=\"lazy\" decoding=\"async\" class=\"  wp-image-6499\" src=\"http:\/\/178.62.76.205\/CEIS\/wp-content\/uploads\/2015\/03\/fuertes-tormentas-1-300x266.jpg\" alt=\"fuertes-tormentas-1\" width=\"338\" height=\"300\" srcset=\"https:\/\/www.ceismurcia.org\/wp-content\/uploads\/2015\/03\/fuertes-tormentas-1-300x266.jpg 300w, https:\/\/www.ceismurcia.org\/wp-content\/uploads\/2015\/03\/fuertes-tormentas-1-211x187.jpg 211w, https:\/\/www.ceismurcia.org\/wp-content\/uploads\/2015\/03\/fuertes-tormentas-1.jpg 318w\" sizes=\"auto, (max-width: 338px) 100vw, 338px\" \/><\/a><\/p>\n<p>Ante una situaci\u00f3n de riesgo originada por una tormenta en el campo, debe:<\/p>\n<ul class=\"lista_normal\">\n<li>Evite permanecer en lo alto de las colinas y no se refugie debajo de \u00e1rboles, sobre todo si est\u00e1n aislados.<\/li>\n<li>Al\u00e9jese de alambradas, verjas y otros objetos met\u00e1licos.<\/li>\n<li>Si va conduciendo y se ve sorprendido por una tormenta, recuerde que un veh\u00edculo cerrado puede ser un buen refugio; en todo caso, disminuya la velocidad, extreme las precauciones y no se detenga en zonas donde pueda discurrir gran cantidad de agua.<\/li>\n<\/ul>\n<p>Si usted se encuentra en un n\u00facleo urbano , debe:<\/p>\n<ul class=\"lista_normal\">\n<li>En la calle, el abrigo de los edificios protege del riesgo de descargas.<\/li>\n<li>Dentro de casa, hay que evitar que se produzcan corrientes de aire, ya que \u00e9stas pueden atraer a los rayos. Cerrar puertas y ventanas.<\/li>\n<li>Desenchufe los electrodom\u00e9sticos para evitar que sean da\u00f1ados por una subida de tensi\u00f3n.<\/li>\n<\/ul>\n","protected":false},"excerpt":{"rendered":"<p>Ante una situaci\u00f3n de riesgo originada por una tormenta en el campo, debe: Evite permanecer en lo alto de las colinas y no se refugie debajo de \u00e1rboles, sobre todo si est\u00e1n aislados. Al\u00e9jese de alambradas, verjas y otros objetos met\u00e1licos. Si va conduciendo y se ve sorprendido por una tormenta, recuerde que un veh\u00edculo<\/p>\n","protected":false},"author":1,"featured_media":0,"parent":4423,"menu_order":0,"comment_status":"open","ping_status":"closed","template":"","meta":{"footnotes":""},"class_list":["post-4454","page","type-page","status-publish","hentry"],"_links":{"self":[{"href":"https:\/\/www.ceismurcia.org\/index.php?rest_route=\/wp\/v2\/pages\/4454","targetHints":{"allow":["GET"]}}],"collection":[{"href":"https:\/\/www.ceismurcia.org\/index.php?rest_route=\/wp\/v2\/pages"}],"about":[{"href":"https:\/\/www.ceismurcia.org\/index.php?rest_route=\/wp\/v2\/types\/page"}],"author":[{"embeddable":true,"href":"https:\/\/www.ceismurcia.org\/index.php?rest_route=\/wp\/v2\/users\/1"}],"replies":[{"embeddable":true,"href":"https:\/\/www.ceismurcia.org\/index.php?rest_route=%2Fwp%2Fv2%2Fcomments&post=4454"}],"version-history":[{"count":3,"href":"https:\/\/www.ceismurcia.org\/index.php?rest_route=\/wp\/v2\/pages\/4454\/revisions"}],"predecessor-version":[{"id":6500,"href":"https:\/\/www.ceismurcia.org\/index.php?rest_route=\/wp\/v2\/pages\/4454\/revisions\/6500"}],"up":[{"embeddable":true,"href":"https:\/\/www.ceismurcia.org\/index.php?rest_route=\/wp\/v2\/pages\/4423"}],"wp:attachment":[{"href":"https:\/\/www.ceismurcia.org\/index.php?rest_route=%2Fwp%2Fv2%2Fmedia&parent=4454"}],"curies":[{"name":"wp","href":"https:\/\/api.w.org\/{rel}","templated":true}]}}