{"id":4456,"date":"2015-03-31T22:04:32","date_gmt":"2015-03-31T22:04:32","guid":{"rendered":"http:\/\/178.62.76.205\/CEIS\/?page_id=4456"},"modified":"2015-04-23T21:10:08","modified_gmt":"2015-04-23T21:10:08","slug":"autoproteccion-ante-inundaciones-y-lluvias-intensa","status":"publish","type":"page","link":"https:\/\/www.ceismurcia.org\/?page_id=4456","title":{"rendered":"Autoprotecci\u00f3n ante inundaciones y lluvias intensa"},"content":{"rendered":"<p><a href=\"http:\/\/178.62.76.205\/CEIS\/wp-content\/uploads\/2015\/03\/inundaciones-rambla-murcia.jpg\" class=\"hoverBorder alignnone\"><img loading=\"lazy\" decoding=\"async\" class=\"  wp-image-6496\" src=\"http:\/\/178.62.76.205\/CEIS\/wp-content\/uploads\/2015\/03\/inundaciones-rambla-murcia-300x190.jpg\" alt=\"inundaciones rambla murcia\" width=\"358\" height=\"227\" srcset=\"https:\/\/www.ceismurcia.org\/wp-content\/uploads\/2015\/03\/inundaciones-rambla-murcia-300x190.jpg 300w, https:\/\/www.ceismurcia.org\/wp-content\/uploads\/2015\/03\/inundaciones-rambla-murcia-280x177.jpg 280w, https:\/\/www.ceismurcia.org\/wp-content\/uploads\/2015\/03\/inundaciones-rambla-murcia.jpg 547w\" sizes=\"auto, (max-width: 358px) 100vw, 358px\" \/><\/a><\/p>\n<p>Ante posibles emergencias originadas por lluvias in tensas , conviene adoptar una serie de medidas en su vivienda:<\/p>\n<ul class=\"lista_normal\">\n<li>Retirar del exterior de la vivienda, aquellos objetos que puedan ser arrastrados por el agua.<\/li>\n<li>Revisar, cada cierto tiempo, el estado del tejado, las bajadas de agua de los edificios y los desag\u00fces pr\u00f3ximos.<\/li>\n<li>Colocar los documentos importantes y, sobre todo los productos peligrosos, en aquellos lugares de la casa en los que el riesgo de que se deterioren por la humedad o se derramen, sea menor.<\/li>\n<li>No estacionar veh\u00edculos en cauces secos, ni a la orilla de r\u00edos, para evitar ser sorprendidos por una s\u00fabita crecida o por una riada.<\/li>\n<\/ul>\n<p>Ante situaciones de emergencia originada por una riada , es muy importante:<\/p>\n<ul class=\"lista_normal\">\n<li>Mant\u00e9ngase permanente informado a trav\u00e9s de la radio y de otros medios de comunicaci\u00f3n, de las predicciones meteorol\u00f3gicas y el estado de la situaci\u00f3n.<\/li>\n<li>Si llegara a inundarse su vivienda, es fundamental abandonar cuanto antes los s\u00f3tanos y plantas bajas; desconectar la energ\u00eda el\u00e9ctrica.<\/li>\n<li>Si tiene que viajar, procure utilizar carreteras principales y autov\u00edas\/autopistas.<\/li>\n<li>Si se encuentra en el campo, debe alejarse de los r\u00edos, los torrentes y zonas bajas de ladera y colinas.<\/li>\n<\/ul>\n","protected":false},"excerpt":{"rendered":"<p>Ante posibles emergencias originadas por lluvias in tensas , conviene adoptar una serie de medidas en su vivienda: Retirar del exterior de la vivienda, aquellos objetos que puedan ser arrastrados por el agua. Revisar, cada cierto tiempo, el estado del tejado, las bajadas de agua de los edificios y los desag\u00fces pr\u00f3ximos. Colocar los documentos<\/p>\n","protected":false},"author":1,"featured_media":0,"parent":4423,"menu_order":0,"comment_status":"open","ping_status":"closed","template":"","meta":{"footnotes":""},"class_list":["post-4456","page","type-page","status-publish","hentry"],"_links":{"self":[{"href":"https:\/\/www.ceismurcia.org\/index.php?rest_route=\/wp\/v2\/pages\/4456","targetHints":{"allow":["GET"]}}],"collection":[{"href":"https:\/\/www.ceismurcia.org\/index.php?rest_route=\/wp\/v2\/pages"}],"about":[{"href":"https:\/\/www.ceismurcia.org\/index.php?rest_route=\/wp\/v2\/types\/page"}],"author":[{"embeddable":true,"href":"https:\/\/www.ceismurcia.org\/index.php?rest_route=\/wp\/v2\/users\/1"}],"replies":[{"embeddable":true,"href":"https:\/\/www.ceismurcia.org\/index.php?rest_route=%2Fwp%2Fv2%2Fcomments&post=4456"}],"version-history":[{"count":3,"href":"https:\/\/www.ceismurcia.org\/index.php?rest_route=\/wp\/v2\/pages\/4456\/revisions"}],"predecessor-version":[{"id":6497,"href":"https:\/\/www.ceismurcia.org\/index.php?rest_route=\/wp\/v2\/pages\/4456\/revisions\/6497"}],"up":[{"embeddable":true,"href":"https:\/\/www.ceismurcia.org\/index.php?rest_route=\/wp\/v2\/pages\/4423"}],"wp:attachment":[{"href":"https:\/\/www.ceismurcia.org\/index.php?rest_route=%2Fwp%2Fv2%2Fmedia&parent=4456"}],"curies":[{"name":"wp","href":"https:\/\/api.w.org\/{rel}","templated":true}]}}