{"id":4460,"date":"2015-03-31T22:05:51","date_gmt":"2015-03-31T22:05:51","guid":{"rendered":"http:\/\/178.62.76.205\/CEIS\/?page_id=4460"},"modified":"2015-04-23T21:15:57","modified_gmt":"2015-04-23T21:15:57","slug":"prevencion-y-actuacion-en-incendios-forestales","status":"publish","type":"page","link":"https:\/\/www.ceismurcia.org\/?page_id=4460","title":{"rendered":"Prevenci\u00f3n y actuaci\u00f3n en incendios forestales"},"content":{"rendered":"<p><a href=\"http:\/\/178.62.76.205\/CEIS\/wp-content\/uploads\/2015\/03\/infor-647x231.jpg\" class=\"hoverBorder alignnone\"><img loading=\"lazy\" decoding=\"async\" class=\"  wp-image-6506\" src=\"http:\/\/178.62.76.205\/CEIS\/wp-content\/uploads\/2015\/03\/infor-647x231-300x107.jpg\" alt=\"infor--647x231\" width=\"527\" height=\"188\" srcset=\"https:\/\/www.ceismurcia.org\/wp-content\/uploads\/2015\/03\/infor-647x231-300x107.jpg 300w, https:\/\/www.ceismurcia.org\/wp-content\/uploads\/2015\/03\/infor-647x231-280x100.jpg 280w, https:\/\/www.ceismurcia.org\/wp-content\/uploads\/2015\/03\/infor-647x231.jpg 647w\" sizes=\"auto, (max-width: 527px) 100vw, 527px\" \/><\/a><\/p>\n<p><strong>NORMAS PREVENTIVAS PARA LAS PERSONAS QUE ACUDEN AL MONTE<\/strong><\/p>\n<p>Usted puede hacer antes de que se produzca el incendio:<\/p>\n<ul class=\"lista_normal\">\n<li><strong>No<\/strong> arroje colillas ni cerillas encendidas y no apagarlas en troncos secos; procure hacerlo sobre piedras planas en claros del monte.<\/li>\n<li>Las acampadas que realice en zonas forestales, deben ubicarse en los lugares destinados al efecto o en claros de monte, limpios de vegetaci\u00f3n le\u00f1osa.<\/li>\n<li><strong>No<\/strong> abandone en el bosque botellas y objetos de cristal<\/li>\n<\/ul>\n<p><strong>SI DETECTAMOS UN INCENDIO EN EL MONTE<\/strong><\/p>\n<ul class=\"lista_normal\">\n<li>Si detecta un incendio forestal en su comienzo, se puede intentar sofocar echando agua o tierra sobre la base de las llamas, o golpeando con una rama de \u00e1rbol que est\u00e9 verde.<\/li>\n<li>Si transcurridos m\u00e1s de un minuto el fuego no ha podido ser sofocado, llamar inmediatamente a los bombero o autoridades cercanas.<\/li>\n<li>Para reducir los efectos producidos por el humo, t\u00e1pese la nariz y la boca con un pa\u00f1uelo h\u00famedo.<\/li>\n<li>Hay que controlar en todo momento la direcci\u00f3n del viento, ya que un cambio de \u00e9ste puede hacer que el fuego le rodee.<\/li>\n<li>En caso de quedar rodeados por el fuego, debemos situarnos en zonas que hayan sido ya quemadas.<\/li>\n<\/ul>\n","protected":false},"excerpt":{"rendered":"<p>NORMAS PREVENTIVAS PARA LAS PERSONAS QUE ACUDEN AL MONTE Usted puede hacer antes de que se produzca el incendio: No arroje colillas ni cerillas encendidas y no apagarlas en troncos secos; procure hacerlo sobre piedras planas en claros del monte. Las acampadas que realice en zonas forestales, deben ubicarse en los lugares destinados al efecto<\/p>\n","protected":false},"author":1,"featured_media":0,"parent":4423,"menu_order":0,"comment_status":"open","ping_status":"closed","template":"","meta":{"footnotes":""},"class_list":["post-4460","page","type-page","status-publish","hentry"],"_links":{"self":[{"href":"https:\/\/www.ceismurcia.org\/index.php?rest_route=\/wp\/v2\/pages\/4460","targetHints":{"allow":["GET"]}}],"collection":[{"href":"https:\/\/www.ceismurcia.org\/index.php?rest_route=\/wp\/v2\/pages"}],"about":[{"href":"https:\/\/www.ceismurcia.org\/index.php?rest_route=\/wp\/v2\/types\/page"}],"author":[{"embeddable":true,"href":"https:\/\/www.ceismurcia.org\/index.php?rest_route=\/wp\/v2\/users\/1"}],"replies":[{"embeddable":true,"href":"https:\/\/www.ceismurcia.org\/index.php?rest_route=%2Fwp%2Fv2%2Fcomments&post=4460"}],"version-history":[{"count":3,"href":"https:\/\/www.ceismurcia.org\/index.php?rest_route=\/wp\/v2\/pages\/4460\/revisions"}],"predecessor-version":[{"id":6507,"href":"https:\/\/www.ceismurcia.org\/index.php?rest_route=\/wp\/v2\/pages\/4460\/revisions\/6507"}],"up":[{"embeddable":true,"href":"https:\/\/www.ceismurcia.org\/index.php?rest_route=\/wp\/v2\/pages\/4423"}],"wp:attachment":[{"href":"https:\/\/www.ceismurcia.org\/index.php?rest_route=%2Fwp%2Fv2%2Fmedia&parent=4460"}],"curies":[{"name":"wp","href":"https:\/\/api.w.org\/{rel}","templated":true}]}}