{"id":615,"date":"2013-01-30T11:40:53","date_gmt":"2013-01-30T11:40:53","guid":{"rendered":"http:\/\/hogash-demo.com\/kallyas_wp\/?page_id=17"},"modified":"2021-08-27T10:40:30","modified_gmt":"2021-08-27T08:40:30","slug":"homepage","status":"publish","type":"page","link":"https:\/\/www.ceismurcia.org\/","title":{"rendered":"Homepage"},"content":{"rendered":"<div id=\"metaslider-id-7405\" style=\"width: 100%;\" class=\"ml-slider-3-108-0 metaslider metaslider-flex metaslider-7405 ml-slider has-dots-nav ms-theme-default\" role=\"region\" aria-label=\"Slider\" data-height=\"300\" data-width=\"700\">\n    <div id=\"metaslider_container_7405\">\n        <div id=\"metaslider_7405\">\n            <ul class='slides'>\n                <li style=\"display: block; width: 100%;\" class=\"slide-7406 ms-image \" aria-roledescription=\"slide\" data-date=\"2021-08-27 10:39:48\" data-filename=\"8776-heli3-700x300.jpg\" data-slide-type=\"image\"><img loading=\"lazy\" decoding=\"async\" src=\"https:\/\/www.ceismurcia.org\/wp-content\/uploads\/2015\/03\/8776-heli3-700x300.jpg\" height=\"300\" width=\"700\" alt=\"Ejercicio pr\u00e1ctico del Grupo A\u00e9reo de Rescate del Consorcio de Extinci\u00f3n de Incendios de la Regi\u00f3n de Murcia\" class=\"slider-7405 slide-7406 msDefaultImage\" title=\"8776-heli3\" \/><div class=\"caption-wrap\"><div class=\"caption\">Ejercicio pr\u00e1ctico del Grupo A\u00e9reo de Rescate del Consorcio de Extinci\u00f3n de Incendios de la Regi\u00f3n de Murcia<\/div><\/div><\/li>\n                <li style=\"display: none; width: 100%;\" class=\"slide-7418 ms-image \" aria-roledescription=\"slide\" data-date=\"2021-08-27 10:53:47\" data-filename=\"Rescate-Carrascoy-11-700x300.jpg\" data-slide-type=\"image\"><img loading=\"lazy\" decoding=\"async\" src=\"https:\/\/www.ceismurcia.org\/wp-content\/uploads\/2016\/10\/Rescate-Carrascoy-11-700x300.jpg\" height=\"300\" width=\"700\" alt=\"\" class=\"slider-7405 slide-7418 msDefaultImage\" title=\"rescate-carrascoy-11\" \/><\/li>\n                <li style=\"display: none; width: 100%;\" class=\"slide-7408 ms-image \" aria-roledescription=\"slide\" data-date=\"2021-08-27 10:41:30\" data-filename=\"3-640x274.jpeg\" data-slide-type=\"image\"><img loading=\"lazy\" decoding=\"async\" src=\"https:\/\/www.ceismurcia.org\/wp-content\/uploads\/2015\/06\/3-640x274.jpeg\" height=\"300\" width=\"700\" alt=\"\" class=\"slider-7405 slide-7408 msDefaultImage\" title=\"3\" \/><\/li>\n                <li style=\"display: none; width: 100%;\" class=\"slide-7409 ms-image \" aria-roledescription=\"slide\" data-date=\"2021-08-27 10:41:45\" data-filename=\"Los_bomberos_Project_3653_Day_23-700x300.jpg\" data-slide-type=\"image\"><img loading=\"lazy\" decoding=\"async\" src=\"https:\/\/www.ceismurcia.org\/wp-content\/uploads\/2015\/03\/Los_bomberos_Project_3653_Day_23-700x300.jpg\" height=\"300\" width=\"700\" alt=\"Cami\u00f3n Mercedes Benz Unimog BFP del Consorcio\" class=\"slider-7405 slide-7409 msDefaultImage\" title=\"Los_bomberos_Project_365(3)_Day_23\" \/><div class=\"caption-wrap\"><div class=\"caption\">Cami\u00f3n Mercedes Benz Unimog BFP del Consorcio<\/div><\/div><\/li>\n                <li style=\"display: none; width: 100%;\" class=\"slide-7410 ms-image \" aria-roledescription=\"slide\" data-date=\"2021-08-27 10:42:03\" data-filename=\"IMG-20151223-WA0008-700x300.jpg\" data-slide-type=\"image\"><img loading=\"lazy\" decoding=\"async\" src=\"https:\/\/www.ceismurcia.org\/wp-content\/uploads\/2015\/12\/IMG-20151223-WA0008-700x300.jpg\" height=\"300\" width=\"700\" alt=\"\" class=\"slider-7405 slide-7410 msDefaultImage\" title=\"IMG-20151223-WA0008\" \/><\/li>\n                <li style=\"display: none; width: 100%;\" class=\"slide-7416 ms-image \" aria-roledescription=\"slide\" data-date=\"2021-08-27 10:52:48\" data-filename=\"IMG-20151223-WA0030-700x300.jpg\" data-slide-type=\"image\"><img loading=\"lazy\" decoding=\"async\" src=\"https:\/\/www.ceismurcia.org\/wp-content\/uploads\/2015\/12\/IMG-20151223-WA0030-700x300.jpg\" height=\"300\" width=\"700\" alt=\"\" class=\"slider-7405 slide-7416 msDefaultImage\" title=\"IMG-20151223-WA0030\" \/><\/li>\n                <li style=\"display: none; width: 100%;\" class=\"slide-7417 ms-image \" aria-roledescription=\"slide\" data-date=\"2021-08-27 10:53:23\" data-filename=\"incendioweb1-448x192.jpg\" data-slide-type=\"image\"><img loading=\"lazy\" decoding=\"async\" src=\"https:\/\/www.ceismurcia.org\/wp-content\/uploads\/2013\/01\/incendioweb1-448x192.jpg\" height=\"300\" width=\"700\" alt=\"\" class=\"slider-7405 slide-7417 msDefaultImage\" title=\"incendioweb\" \/><\/li>\n            <\/ul>\n        <\/div>\n        \n    <\/div>\n<\/div>\n","protected":false},"excerpt":{"rendered":"","protected":false},"author":1,"featured_media":0,"parent":0,"menu_order":0,"comment_status":"closed","ping_status":"closed","template":"","meta":{"footnotes":""},"class_list":["post-615","page","type-page","status-publish","hentry"],"_links":{"self":[{"href":"https:\/\/www.ceismurcia.org\/index.php?rest_route=\/wp\/v2\/pages\/615","targetHints":{"allow":["GET"]}}],"collection":[{"href":"https:\/\/www.ceismurcia.org\/index.php?rest_route=\/wp\/v2\/pages"}],"about":[{"href":"https:\/\/www.ceismurcia.org\/index.php?rest_route=\/wp\/v2\/types\/page"}],"author":[{"embeddable":true,"href":"https:\/\/www.ceismurcia.org\/index.php?rest_route=\/wp\/v2\/users\/1"}],"replies":[{"embeddable":true,"href":"https:\/\/www.ceismurcia.org\/index.php?rest_route=%2Fwp%2Fv2%2Fcomments&post=615"}],"version-history":[{"count":17,"href":"https:\/\/www.ceismurcia.org\/index.php?rest_route=\/wp\/v2\/pages\/615\/revisions"}],"predecessor-version":[{"id":7407,"href":"https:\/\/www.ceismurcia.org\/index.php?rest_route=\/wp\/v2\/pages\/615\/revisions\/7407"}],"wp:attachment":[{"href":"https:\/\/www.ceismurcia.org\/index.php?rest_route=%2Fwp%2Fv2%2Fmedia&parent=615"}],"curies":[{"name":"wp","href":"https:\/\/api.w.org\/{rel}","templated":true}]}}