{"id":6533,"date":"2015-05-20T17:30:31","date_gmt":"2015-05-20T15:30:31","guid":{"rendered":"http:\/\/178.62.76.205\/CEIS\/?page_id=6533"},"modified":"2015-05-20T17:49:27","modified_gmt":"2015-05-20T15:49:27","slug":"el-ceis","status":"publish","type":"page","link":"https:\/\/www.ceismurcia.org\/?page_id=6533","title":{"rendered":"El CEIS"},"content":{"rendered":"<p><img decoding=\"async\" class=\" aligncenter\" style=\"margin-top: 10px;\" src=\"wp-content\/uploads\/2015\/03\/bomberos.jpg\" alt=\"CEIS\" \/><\/p>\n<p><a href=\"http:\/\/178.62.76.205\/CEIS\/wp-content\/uploads\/2015\/03\/FUEGO.png\"><br \/>\n<\/a><br \/>\nEl <strong>Consorcio de Extinci\u00f3n de Incendios y Salvamento de la Comunidad Aut\u00f3noma de Murcia (CEIS) <\/strong>est\u00e1 participado mayoritariamente por la Comunidad Aut\u00f3nma de la Reg\u00edon de Murcia y cuarenta y tres de los Ayuntamientos de la Regi\u00f3n (todos a excepci\u00f3n de Murcia y Cartagena), siendo gestionado el servicio en las competencias que a cada uno de los Entes corresponde por el ente administrativo creado en 1992, Consorcio de Extinci\u00f3n de Incendios y Salvamento de la Comunidad Aut\u00f3noma de la Regi\u00f3n de Murcia.<\/p>\n<p>La actuaci\u00f3n del servicio de prevenci\u00f3n, extinci\u00f3n de incendios y salvamento del Consorcio se ajustar\u00e1 al principio de respeto a los derechos fundamentales de los ciudadanos y a las libertades p\u00fablicas en los t\u00e9rminos de la Constituci\u00f3n y de las leyes que la desarrollan.<\/p>\n<p>Las intervenciones del CEIS se entender\u00e1n justificadas, en actuaciones de prevenci\u00f3n y, en todo caso, cuando existieren situaciones de siniestro o calamidad colectiva susceptibles de ocasionar riesgo inminente para la integridad o tranquilidad de las personas, o da\u00f1os graves a los bienes de dominio p\u00fablico o privado y aunque, con motivo u ocasi\u00f3n de tales intervenciones se consideren lesionados derechos individuales o hubiere de producir perjuicios patrimoniales, sin mengua de las responsabilidades a que en cada caso hubiera lugar.<\/p>\n<p>Los servicios que presta el CEIS deben entenderse como el conjunto de medios organizados para la actuaci\u00f3n en el campo de la protecci\u00f3n de las personas y de los bienes afectados por un siniestro, y tiene por objeto procurar el salvamento de las personas y bienes en caso de incendio, inundaciones, hundimiento y, en general, en todos los siniestros que se produzcan.<\/p>\n","protected":false},"excerpt":{"rendered":"<p>El Consorcio de Extinci\u00f3n de Incendios y Salvamento de la Comunidad Aut\u00f3noma de Murcia (CEIS) est\u00e1 participado mayoritariamente por la Comunidad Aut\u00f3nma de la Reg\u00edon de Murcia y cuarenta y tres de los Ayuntamientos de la Regi\u00f3n (todos a excepci\u00f3n de Murcia y Cartagena), siendo gestionado el servicio en las competencias que a cada uno<\/p>\n","protected":false},"author":1,"featured_media":0,"parent":6530,"menu_order":0,"comment_status":"open","ping_status":"closed","template":"","meta":{"footnotes":""},"class_list":["post-6533","page","type-page","status-publish","hentry"],"_links":{"self":[{"href":"https:\/\/www.ceismurcia.org\/index.php?rest_route=\/wp\/v2\/pages\/6533","targetHints":{"allow":["GET"]}}],"collection":[{"href":"https:\/\/www.ceismurcia.org\/index.php?rest_route=\/wp\/v2\/pages"}],"about":[{"href":"https:\/\/www.ceismurcia.org\/index.php?rest_route=\/wp\/v2\/types\/page"}],"author":[{"embeddable":true,"href":"https:\/\/www.ceismurcia.org\/index.php?rest_route=\/wp\/v2\/users\/1"}],"replies":[{"embeddable":true,"href":"https:\/\/www.ceismurcia.org\/index.php?rest_route=%2Fwp%2Fv2%2Fcomments&post=6533"}],"version-history":[{"count":2,"href":"https:\/\/www.ceismurcia.org\/index.php?rest_route=\/wp\/v2\/pages\/6533\/revisions"}],"predecessor-version":[{"id":6594,"href":"https:\/\/www.ceismurcia.org\/index.php?rest_route=\/wp\/v2\/pages\/6533\/revisions\/6594"}],"up":[{"embeddable":true,"href":"https:\/\/www.ceismurcia.org\/index.php?rest_route=\/wp\/v2\/pages\/6530"}],"wp:attachment":[{"href":"https:\/\/www.ceismurcia.org\/index.php?rest_route=%2Fwp%2Fv2%2Fmedia&parent=6533"}],"curies":[{"name":"wp","href":"https:\/\/api.w.org\/{rel}","templated":true}]}}