{"id":6550,"date":"2015-05-20T17:33:04","date_gmt":"2015-05-20T15:33:04","guid":{"rendered":"http:\/\/178.62.76.205\/CEIS\/?page_id=6550"},"modified":"2021-02-18T10:36:47","modified_gmt":"2021-02-18T09:36:47","slug":"documentacion","status":"publish","type":"page","link":"https:\/\/www.ceismurcia.org\/?page_id=6550","title":{"rendered":"Documentaci\u00f3n"},"content":{"rendered":"\n<p><strong>Reglamento del Grupo de Rescate A\u00e9reo<\/strong><\/p>\n\n\n\n<ul class=\"wp-block-list\"><li><a href=\"https:\/\/www.ceismurcia.org\/wp-content\/uploads\/2020\/10\/Acuerdo-CP-y-reglamento-GRA.pdf\">Acuerdo de aprobaci\u00f3n inicial<\/a><\/li><li><a href=\"https:\/\/www.borm.es\/#\/home\/anuncio\/29-10-2020\/6052\">Anuncio BORM aprobaci\u00f3n inicial<\/a><\/li><li><a href=\"https:\/\/www.ceismurcia.org\/wp-content\/uploads\/2020\/12\/Certificaci\u00f3n-no-alegaciones-aprobaci\u00f3n-inicial-Reglamento-GRAE.pdf\">Certificaci\u00f3n no alegaciones a la aprobaci\u00f3n inicial<\/a><\/li><li><a href=\"https:\/\/www.ceismurcia.org\/wp-content\/uploads\/2021\/01\/Aprobacion-definitiva-Reglamento-Grupo-Rescate-Aereo-BORM.pdf\">Anuncio BORM aprobaci\u00f3n definitiva<\/a><\/li><\/ul>\n\n\n\n<p><strong>Estatutos del Consorcio<\/strong><\/p>\n\n\n\n<ul class=\"wp-block-list\"><li><a href=\"https:\/\/www.ceismurcia.org\/wp-content\/uploads\/2021\/02\/Estatutos-del-CEIS.pdf\">Publicaci\u00f3n BORM<\/a><\/li><\/ul>\n\n\n\n<p><\/p>\n","protected":false},"excerpt":{"rendered":"<p>Reglamento del Grupo de Rescate A\u00e9reo Acuerdo de aprobaci\u00f3n inicial Anuncio BORM aprobaci\u00f3n inicial Certificaci\u00f3n no alegaciones a la aprobaci\u00f3n inicial Anuncio BORM aprobaci\u00f3n definitiva Estatutos del Consorcio Publicaci\u00f3n BORM<\/p>\n","protected":false},"author":1,"featured_media":0,"parent":0,"menu_order":0,"comment_status":"open","ping_status":"closed","template":"","meta":{"footnotes":""},"class_list":["post-6550","page","type-page","status-publish","hentry"],"_links":{"self":[{"href":"https:\/\/www.ceismurcia.org\/index.php?rest_route=\/wp\/v2\/pages\/6550","targetHints":{"allow":["GET"]}}],"collection":[{"href":"https:\/\/www.ceismurcia.org\/index.php?rest_route=\/wp\/v2\/pages"}],"about":[{"href":"https:\/\/www.ceismurcia.org\/index.php?rest_route=\/wp\/v2\/types\/page"}],"author":[{"embeddable":true,"href":"https:\/\/www.ceismurcia.org\/index.php?rest_route=\/wp\/v2\/users\/1"}],"replies":[{"embeddable":true,"href":"https:\/\/www.ceismurcia.org\/index.php?rest_route=%2Fwp%2Fv2%2Fcomments&post=6550"}],"version-history":[{"count":5,"href":"https:\/\/www.ceismurcia.org\/index.php?rest_route=\/wp\/v2\/pages\/6550\/revisions"}],"predecessor-version":[{"id":7333,"href":"https:\/\/www.ceismurcia.org\/index.php?rest_route=\/wp\/v2\/pages\/6550\/revisions\/7333"}],"wp:attachment":[{"href":"https:\/\/www.ceismurcia.org\/index.php?rest_route=%2Fwp%2Fv2%2Fmedia&parent=6550"}],"curies":[{"name":"wp","href":"https:\/\/api.w.org\/{rel}","templated":true}]}}