{"id":6854,"date":"2016-06-13T18:22:16","date_gmt":"2016-06-13T16:22:16","guid":{"rendered":"http:\/\/www.ceismurcia.org\/?page_id=6854"},"modified":"2016-06-13T18:44:14","modified_gmt":"2016-06-13T16:44:14","slug":"proyecto-lorca","status":"publish","type":"page","link":"https:\/\/www.ceismurcia.org\/?page_id=6854","title":{"rendered":"Proyecto Lorca"},"content":{"rendered":"<ul>\n<li><a href=\"https:\/\/www.ceismurcia.org\/wp-content\/uploads\/2016\/06\/ARQUITECTONICO_E_INSTALACIONES.pdf\">Arquitect\u00f3nico e Instalaciones<\/a><\/li>\n<li><a href=\"https:\/\/www.ceismurcia.org\/wp-content\/uploads\/2016\/06\/Las-Mediciones.pdf\">Las Mediciones<\/a><\/li>\n<li><a href=\"https:\/\/www.ceismurcia.org\/wp-content\/uploads\/2016\/06\/LA-ESTRUCTURA.pdf\">La Estructura<\/a><\/li>\n<li><a href=\"https:\/\/www.ceismurcia.org\/wp-content\/uploads\/2016\/06\/FichaParqueEnergetica.pdf\">Ficha energ\u00e9tica del parque<\/a><\/li>\n<li><a href=\"https:\/\/www.ceismurcia.org\/wp-content\/uploads\/2016\/06\/Estudio-de-gesti\u00f3n-de-residuos-de-construcci\u00f3n-y-demolici\u00f3n.pdf\">Estudio de gesti\u00f3n de residuos de construcci\u00f3n y demolici\u00f3n<\/a><\/li>\n<li><a href=\"https:\/\/www.ceismurcia.org\/wp-content\/uploads\/2016\/06\/AN\u00c1LISIS-DEL-CICLO-DE-VIDA.pdf\">An\u00e1lisis del ciclo de vida<\/a><\/li>\n<li><a href=\"https:\/\/www.ceismurcia.org\/wp-content\/uploads\/2016\/06\/Presupuesto-y-medici\u00f3nHoja-Resumen-SS.pdf\">Presupuesto y medici\u00f3n (Resumen)<\/a><\/li>\n<li><a href=\"https:\/\/www.ceismurcia.org\/wp-content\/uploads\/2016\/06\/PLANOS-SS.pdf\">Planos<\/a><\/li>\n<li><a href=\"https:\/\/www.ceismurcia.org\/wp-content\/uploads\/2016\/06\/PLAN-OBRA-BOMBEROS.pdf\">Plan de obra<\/a><\/li>\n<li><a href=\"https:\/\/www.ceismurcia.org\/wp-content\/uploads\/2016\/06\/Plan-de-Control-de-Calidad.pdf\">Plan de control de calidad<\/a><\/li>\n<li><a href=\"https:\/\/www.ceismurcia.org\/wp-content\/uploads\/2016\/06\/MEMORIA.pdf\">Memoria(I)<\/a><\/li>\n<li><a href=\"https:\/\/www.ceismurcia.org\/wp-content\/uploads\/2016\/06\/MEMORIA-SS.pdf\">Memoria(II)<\/a><\/li>\n<li><a href=\"https:\/\/www.ceismurcia.org\/wp-content\/uploads\/2016\/06\/Los-Anexos.pdf\">Anexos<\/a><\/li>\n<\/ul>\n","protected":false},"excerpt":{"rendered":"<p>Arquitect\u00f3nico e Instalaciones Las Mediciones La Estructura Ficha energ\u00e9tica del parque Estudio de gesti\u00f3n de residuos de construcci\u00f3n y demolici\u00f3n An\u00e1lisis del ciclo de vida Presupuesto y medici\u00f3n (Resumen) Planos Plan de obra Plan de control de calidad Memoria(I) Memoria(II) Anexos<\/p>\n","protected":false},"author":1,"featured_media":0,"parent":0,"menu_order":0,"comment_status":"closed","ping_status":"closed","template":"","meta":{"footnotes":""},"class_list":["post-6854","page","type-page","status-publish","hentry"],"_links":{"self":[{"href":"https:\/\/www.ceismurcia.org\/index.php?rest_route=\/wp\/v2\/pages\/6854","targetHints":{"allow":["GET"]}}],"collection":[{"href":"https:\/\/www.ceismurcia.org\/index.php?rest_route=\/wp\/v2\/pages"}],"about":[{"href":"https:\/\/www.ceismurcia.org\/index.php?rest_route=\/wp\/v2\/types\/page"}],"author":[{"embeddable":true,"href":"https:\/\/www.ceismurcia.org\/index.php?rest_route=\/wp\/v2\/users\/1"}],"replies":[{"embeddable":true,"href":"https:\/\/www.ceismurcia.org\/index.php?rest_route=%2Fwp%2Fv2%2Fcomments&post=6854"}],"version-history":[{"count":6,"href":"https:\/\/www.ceismurcia.org\/index.php?rest_route=\/wp\/v2\/pages\/6854\/revisions"}],"predecessor-version":[{"id":6876,"href":"https:\/\/www.ceismurcia.org\/index.php?rest_route=\/wp\/v2\/pages\/6854\/revisions\/6876"}],"wp:attachment":[{"href":"https:\/\/www.ceismurcia.org\/index.php?rest_route=%2Fwp%2Fv2%2Fmedia&parent=6854"}],"curies":[{"name":"wp","href":"https:\/\/api.w.org\/{rel}","templated":true}]}}